{"id":936,"date":"2026-05-10T16:04:52","date_gmt":"2026-05-10T16:04:52","guid":{"rendered":"https:\/\/tentetiesoediciones.es\/?page_id=936"},"modified":"2026-05-10T16:30:11","modified_gmt":"2026-05-10T16:30:11","slug":"servicios-de-comunicacion","status":"publish","type":"page","link":"https:\/\/tentetiesoediciones.es\/?page_id=936","title":{"rendered":"Servicios de comunicaci\u00f3n"},"content":{"rendered":"\t\t<div data-elementor-type=\"wp-page\" data-elementor-id=\"936\" class=\"elementor elementor-936\">\n\t\t\t\t<div class=\"elementor-element elementor-element-1b14ca6 e-flex e-con-boxed e-con e-parent\" data-id=\"1b14ca6\" data-element_type=\"container\" data-e-type=\"container\">\n\t\t\t\t\t<div class=\"e-con-inner\">\n\t\t\t\t<div class=\"elementor-element elementor-element-dbe2b3b elementor-widget elementor-widget-heading\" data-id=\"dbe2b3b\" data-element_type=\"widget\" data-e-type=\"widget\" data-widget_type=\"heading.default\">\n\t\t\t\t\t<h2 class=\"elementor-heading-title elementor-size-default\">Comunicaci\u00f3n<\/h2>\t\t\t\t<\/div>\n\t\t\t\t\t<\/div>\n\t\t\t\t<\/div>\n\t\t<div class=\"elementor-element elementor-element-786a415 e-flex e-con-boxed e-con e-parent\" data-id=\"786a415\" data-element_type=\"container\" data-e-type=\"container\">\n\t\t\t\t\t<div class=\"e-con-inner\">\n\t\t\t\t<div class=\"elementor-element elementor-element-96c6113 elementor-widget elementor-widget-text-editor\" data-id=\"96c6113\" data-element_type=\"widget\" data-e-type=\"widget\" data-widget_type=\"text-editor.default\">\n\t\t\t\t\t\t\t\t\t<p><b>Asesor\u00edas de comunicaci\u00f3n\u00a0<\/b><\/p><p>\u00bfTe sientes perdida cuando te hacen preguntas? \u00bfNo sabes como enfrentarte a un grupo de gente, un periodista o, lo que es peor, tu p\u00fablico? \u00bfNecesitas que alguien te apoye mientras haces despegar tu carrera como escritora?<\/p><p><b>Asesor\u00eda de comunicaci\u00f3n: Entrevista<\/b><\/p><p>\u00bfNunca has hecho una entrevista y sientes que eres como un pulpo en un garaje? No hay problema; Marta te prepara un simulacro de entrevista estilo conversacional y luego te dar\u00e1 feedback.<\/p><p><b>Precio: 50\u20ac la sesi\u00f3n<\/b><\/p><p><b>Kit de prensa<\/b><\/p><p>Tu libro (o libros) tienen vida m\u00e1s all\u00e1 de su publicaci\u00f3n. Tienes que conseguir moverlo, que la gente lo vea fuera de redes sociales, salir en prensa, una estrategia comunicativa coherente&#8230; Con este kit podr\u00e1s llegar m\u00e1s lejos.<\/p><p><b>Precio 30\u20ac<\/b><\/p><p><b>Estrategia de lanzamiento<\/b><\/p><p>Este es un proceso m\u00e1s largo y Marta te acompa\u00f1ar\u00e1 desde el principio. El servicio consta de coaching, el kit de prensa y la opci\u00f3n de representarte ante los medios por meses.<\/p><p><b>Precio 110\u20ac\u00a0 sin representaci\u00f3n y 180\u20ac con representaci\u00f3n durante 3 meses.<\/b><\/p><p><b>Organizaci\u00f3n de eventos<\/b><\/p><p>Marta te ayuda a crear el evento de tu libro o llegar al evento que interesar\u00eda estar.<\/p><p>En este caso, el precio es a partir de una cifra, ya que todo depende del presupuesto que puedas tener para crear el evento \ud83d\ude42<\/p><p><b>Precio desde: 70\u20ac<\/b><\/p><p><b>Gesti\u00f3n de redes sociales<\/b><\/p><p>Totalmente personalizado seg\u00fan tus intereses.<\/p><p><b>Precio a consultar<\/b><\/p>\t\t\t\t\t\t\t\t<\/div>\n\t\t\t\t\t<\/div>\n\t\t\t\t<\/div>\n\t\t<div class=\"elementor-element elementor-element-d8eaccb e-flex e-con-boxed e-con e-parent\" data-id=\"d8eaccb\" data-element_type=\"container\" data-e-type=\"container\">\n\t\t\t\t\t<div class=\"e-con-inner\">\n\t\t\t\t<div class=\"elementor-element elementor-element-8dc175e elementor-align-center elementor-widget elementor-widget-button\" data-id=\"8dc175e\" data-element_type=\"widget\" data-e-type=\"widget\" data-widget_type=\"button.default\">\n\t\t\t\t\t\t\t\t\t\t<a class=\"elementor-button elementor-button-link elementor-size-sm\" href=\"https:\/\/tentetiesoediciones.es\/?page_id=72&#038;v=12470fe406d4\">\n\t\t\t\t\t\t<span class=\"elementor-button-content-wrapper\">\n\t\t\t\t\t\t\t\t\t<span class=\"elementor-button-text\">M\u00e1s informaci\u00f3n<\/span>\n\t\t\t\t\t<\/span>\n\t\t\t\t\t<\/a>\n\t\t\t\t\t\t\t\t<\/div>\n\t\t\t\t\t<\/div>\n\t\t\t\t<\/div>\n\t\t\t\t<\/div>\n\t\t","protected":false},"excerpt":{"rendered":"<p>Comunicaci\u00f3n Asesor\u00edas de comunicaci\u00f3n\u00a0 \u00bfTe sientes perdida cuando te hacen preguntas? \u00bfNo sabes como enfrentarte a un grupo de gente, [&hellip;]<\/p>\n","protected":false},"author":2,"featured_media":0,"parent":0,"menu_order":0,"comment_status":"closed","ping_status":"closed","template":"","meta":{"site-sidebar-layout":"no-sidebar","site-content-layout":"","ast-site-content-layout":"full-width-container","site-content-style":"default","site-sidebar-style":"default","ast-global-header-display":"","ast-banner-title-visibility":"","ast-main-header-display":"","ast-hfb-above-header-display":"","ast-hfb-below-header-display":"","ast-hfb-mobile-header-display":"","site-post-title":"disabled","ast-breadcrumbs-content":"","ast-featured-img":"disabled","footer-sml-layout":"","ast-disable-related-posts":"","theme-transparent-header-meta":"","adv-header-id-meta":"","stick-header-meta":"","header-above-stick-meta":"","header-main-stick-meta":"","header-below-stick-meta":"","astra-migrate-meta-layouts":"default","ast-page-background-enabled":"default","ast-page-background-meta":{"desktop":{"background-color":"var(--ast-global-color-5)","background-image":"","background-repeat":"repeat","background-position":"center center","background-size":"auto","background-attachment":"scroll","background-type":"","background-media":"","overlay-type":"","overlay-color":"","overlay-opacity":"","overlay-gradient":""},"tablet":{"background-color":"","background-image":"","background-repeat":"repeat","background-position":"center center","background-size":"auto","background-attachment":"scroll","background-type":"","background-media":"","overlay-type":"","overlay-color":"","overlay-opacity":"","overlay-gradient":""},"mobile":{"background-color":"","background-image":"","background-repeat":"repeat","background-position":"center center","background-size":"auto","background-attachment":"scroll","background-type":"","background-media":"","overlay-type":"","overlay-color":"","overlay-opacity":"","overlay-gradient":""}},"ast-content-background-meta":{"desktop":{"background-color":"var(--ast-global-color-4)","background-image":"","background-repeat":"repeat","background-position":"center center","background-size":"auto","background-attachment":"scroll","background-type":"","background-media":"","overlay-type":"","overlay-color":"","overlay-opacity":"","overlay-gradient":""},"tablet":{"background-color":"var(--ast-global-color-4)","background-image":"","background-repeat":"repeat","background-position":"center center","background-size":"auto","background-attachment":"scroll","background-type":"","background-media":"","overlay-type":"","overlay-color":"","overlay-opacity":"","overlay-gradient":""},"mobile":{"background-color":"var(--ast-global-color-4)","background-image":"","background-repeat":"repeat","background-position":"center center","background-size":"auto","background-attachment":"scroll","background-type":"","background-media":"","overlay-type":"","overlay-color":"","overlay-opacity":"","overlay-gradient":""}},"footnotes":""},"class_list":["post-936","page","type-page","status-publish","hentry"],"_hostinger_reach_plugin_has_subscription_block":false,"_hostinger_reach_plugin_is_elementor":false,"_links":{"self":[{"href":"https:\/\/tentetiesoediciones.es\/index.php?rest_route=\/wp\/v2\/pages\/936","targetHints":{"allow":["GET"]}}],"collection":[{"href":"https:\/\/tentetiesoediciones.es\/index.php?rest_route=\/wp\/v2\/pages"}],"about":[{"href":"https:\/\/tentetiesoediciones.es\/index.php?rest_route=\/wp\/v2\/types\/page"}],"author":[{"embeddable":true,"href":"https:\/\/tentetiesoediciones.es\/index.php?rest_route=\/wp\/v2\/users\/2"}],"replies":[{"embeddable":true,"href":"https:\/\/tentetiesoediciones.es\/index.php?rest_route=%2Fwp%2Fv2%2Fcomments&post=936"}],"version-history":[{"count":4,"href":"https:\/\/tentetiesoediciones.es\/index.php?rest_route=\/wp\/v2\/pages\/936\/revisions"}],"predecessor-version":[{"id":940,"href":"https:\/\/tentetiesoediciones.es\/index.php?rest_route=\/wp\/v2\/pages\/936\/revisions\/940"}],"wp:attachment":[{"href":"https:\/\/tentetiesoediciones.es\/index.php?rest_route=%2Fwp%2Fv2%2Fmedia&parent=936"}],"curies":[{"name":"wp","href":"https:\/\/api.w.org\/{rel}","templated":true}]}}