{"id":927,"date":"2026-05-10T15:50:40","date_gmt":"2026-05-10T15:50:40","guid":{"rendered":"https:\/\/tentetiesoediciones.es\/?page_id=927"},"modified":"2026-05-10T15:57:48","modified_gmt":"2026-05-10T15:57:48","slug":"correcciones","status":"publish","type":"page","link":"https:\/\/tentetiesoediciones.es\/?page_id=927","title":{"rendered":"Correcciones"},"content":{"rendered":"\t\t<div data-elementor-type=\"wp-page\" data-elementor-id=\"927\" class=\"elementor elementor-927\">\n\t\t\t\t<div class=\"elementor-element elementor-element-95e2f0e e-flex e-con-boxed e-con e-parent\" data-id=\"95e2f0e\" data-element_type=\"container\" data-e-type=\"container\">\n\t\t\t\t\t<div class=\"e-con-inner\">\n\t\t\t\t<div class=\"elementor-element elementor-element-a5adeba elementor-widget elementor-widget-text-editor\" data-id=\"a5adeba\" data-element_type=\"widget\" data-e-type=\"widget\" data-widget_type=\"text-editor.default\">\n\t\t\t\t\t\t\t\t\t<p>Tentetieso, una vez terminada (y revisada) tu novela, hay que pasar por la correcci\u00f3n s\u00ed o s\u00ed. Es el punto m\u00e1s importante de la edici\u00f3n de tu manuscrito y no te lo puedes saltar.<\/p><p>Por eso siempre te diremos que es un paso esencial.<\/p><p>\u00a1Pero no tienes que hacerlo sola! Sandra puede ayudarte. No solo dejar\u00e1 tu texto brillante, tambi\u00e9n te ayudar\u00e1 mucho a aprender sobre tus errores y poder mejorarlos para pr\u00f3ximos proyectos.<\/p><p>Las correcciones que hace nuestra compi son la <strong>ortotipogr\u00e1fica<\/strong> y la de <strong>estilo.<\/strong><\/p><p>\u00bfQuieres trabajar con nosotras? El proceso es el siguiente:<\/p><ul><li>Ponte en contacto con nosotras en tentetiesoediciones@gmail.com Nos cuentas que necesitas y nos pasas los tres primeros cap\u00edtulos de manuscrito para que Sandra te haga una prueba de correcci\u00f3n. Tambi\u00e9n tendr\u00e1s que decirnos el n\u00famero de caracteres sin espacios que tiene tu manuscrito para poder hacerte el presupuesto.<\/li><li>Cuando tenga la prueba hecha, Sandra te la enviar\u00e1 junto el presupuesto y el tiempo que va a necesitar para realizar la correcci\u00f3n.<\/li><\/ul><p>En caso de que Sandra no pueda trabajar contigo, te recomendaremos otras compa\u00f1eras con las que trabajamos que pueden ayudarte \ud83d\ude42<\/p>\t\t\t\t\t\t\t\t<\/div>\n\t\t\t\t\t<\/div>\n\t\t\t\t<\/div>\n\t\t<div class=\"elementor-element elementor-element-1531f71 e-flex e-con-boxed e-con e-parent\" data-id=\"1531f71\" data-element_type=\"container\" data-e-type=\"container\">\n\t\t\t\t\t<div class=\"e-con-inner\">\n\t\t\t\t<div class=\"elementor-element elementor-element-0140dc0 elementor-align-center elementor-widget elementor-widget-button\" data-id=\"0140dc0\" data-element_type=\"widget\" data-e-type=\"widget\" data-widget_type=\"button.default\">\n\t\t\t\t\t\t\t\t\t\t<a class=\"elementor-button elementor-button-link elementor-size-sm\" href=\"https:\/\/tentetiesoediciones.es\/?page_id=72&#038;v=12470fe406d4\">\n\t\t\t\t\t\t<span class=\"elementor-button-content-wrapper\">\n\t\t\t\t\t\t\t\t\t<span class=\"elementor-button-text\">M\u00e1s informaci\u00f3n<\/span>\n\t\t\t\t\t<\/span>\n\t\t\t\t\t<\/a>\n\t\t\t\t\t\t\t\t<\/div>\n\t\t\t\t\t<\/div>\n\t\t\t\t<\/div>\n\t\t\t\t<\/div>\n\t\t","protected":false},"excerpt":{"rendered":"<p>Tentetieso, una vez terminada (y revisada) tu novela, hay que pasar por la correcci\u00f3n s\u00ed o s\u00ed. Es el punto [&hellip;]<\/p>\n","protected":false},"author":2,"featured_media":0,"parent":0,"menu_order":0,"comment_status":"closed","ping_status":"closed","template":"","meta":{"site-sidebar-layout":"no-sidebar","site-content-layout":"","ast-site-content-layout":"full-width-container","site-content-style":"default","site-sidebar-style":"default","ast-global-header-display":"","ast-banner-title-visibility":"","ast-main-header-display":"","ast-hfb-above-header-display":"","ast-hfb-below-header-display":"","ast-hfb-mobile-header-display":"","site-post-title":"disabled","ast-breadcrumbs-content":"","ast-featured-img":"disabled","footer-sml-layout":"","ast-disable-related-posts":"","theme-transparent-header-meta":"","adv-header-id-meta":"","stick-header-meta":"","header-above-stick-meta":"","header-main-stick-meta":"","header-below-stick-meta":"","astra-migrate-meta-layouts":"default","ast-page-background-enabled":"default","ast-page-background-meta":{"desktop":{"background-color":"var(--ast-global-color-5)","background-image":"","background-repeat":"repeat","background-position":"center center","background-size":"auto","background-attachment":"scroll","background-type":"","background-media":"","overlay-type":"","overlay-color":"","overlay-opacity":"","overlay-gradient":""},"tablet":{"background-color":"","background-image":"","background-repeat":"repeat","background-position":"center center","background-size":"auto","background-attachment":"scroll","background-type":"","background-media":"","overlay-type":"","overlay-color":"","overlay-opacity":"","overlay-gradient":""},"mobile":{"background-color":"","background-image":"","background-repeat":"repeat","background-position":"center center","background-size":"auto","background-attachment":"scroll","background-type":"","background-media":"","overlay-type":"","overlay-color":"","overlay-opacity":"","overlay-gradient":""}},"ast-content-background-meta":{"desktop":{"background-color":"var(--ast-global-color-4)","background-image":"","background-repeat":"repeat","background-position":"center center","background-size":"auto","background-attachment":"scroll","background-type":"","background-media":"","overlay-type":"","overlay-color":"","overlay-opacity":"","overlay-gradient":""},"tablet":{"background-color":"var(--ast-global-color-4)","background-image":"","background-repeat":"repeat","background-position":"center center","background-size":"auto","background-attachment":"scroll","background-type":"","background-media":"","overlay-type":"","overlay-color":"","overlay-opacity":"","overlay-gradient":""},"mobile":{"background-color":"var(--ast-global-color-4)","background-image":"","background-repeat":"repeat","background-position":"center center","background-size":"auto","background-attachment":"scroll","background-type":"","background-media":"","overlay-type":"","overlay-color":"","overlay-opacity":"","overlay-gradient":""}},"footnotes":""},"class_list":["post-927","page","type-page","status-publish","hentry"],"_hostinger_reach_plugin_has_subscription_block":false,"_hostinger_reach_plugin_is_elementor":false,"_links":{"self":[{"href":"https:\/\/tentetiesoediciones.es\/index.php?rest_route=\/wp\/v2\/pages\/927","targetHints":{"allow":["GET"]}}],"collection":[{"href":"https:\/\/tentetiesoediciones.es\/index.php?rest_route=\/wp\/v2\/pages"}],"about":[{"href":"https:\/\/tentetiesoediciones.es\/index.php?rest_route=\/wp\/v2\/types\/page"}],"author":[{"embeddable":true,"href":"https:\/\/tentetiesoediciones.es\/index.php?rest_route=\/wp\/v2\/users\/2"}],"replies":[{"embeddable":true,"href":"https:\/\/tentetiesoediciones.es\/index.php?rest_route=%2Fwp%2Fv2%2Fcomments&post=927"}],"version-history":[{"count":4,"href":"https:\/\/tentetiesoediciones.es\/index.php?rest_route=\/wp\/v2\/pages\/927\/revisions"}],"predecessor-version":[{"id":934,"href":"https:\/\/tentetiesoediciones.es\/index.php?rest_route=\/wp\/v2\/pages\/927\/revisions\/934"}],"wp:attachment":[{"href":"https:\/\/tentetiesoediciones.es\/index.php?rest_route=%2Fwp%2Fv2%2Fmedia&parent=927"}],"curies":[{"name":"wp","href":"https:\/\/api.w.org\/{rel}","templated":true}]}}