{"id":783,"date":"2026-04-24T17:02:55","date_gmt":"2026-04-24T17:02:55","guid":{"rendered":"https:\/\/tentetiesoediciones.es\/?page_id=783"},"modified":"2026-05-10T15:57:09","modified_gmt":"2026-05-10T15:57:09","slug":"mentorizacion-y-asesoria-literaria","status":"publish","type":"page","link":"https:\/\/tentetiesoediciones.es\/?page_id=783","title":{"rendered":"Mentorizaci\u00f3n y asesor\u00eda literaria"},"content":{"rendered":"\t\t<div data-elementor-type=\"wp-page\" data-elementor-id=\"783\" class=\"elementor elementor-783\">\n\t\t\t\t<div class=\"elementor-element elementor-element-3176d40 e-flex e-con-boxed e-con e-parent\" data-id=\"3176d40\" data-element_type=\"container\" data-e-type=\"container\">\n\t\t\t\t\t<div class=\"e-con-inner\">\n\t\t\t\t<div class=\"elementor-element elementor-element-4eba08e elementor-widget elementor-widget-heading\" data-id=\"4eba08e\" data-element_type=\"widget\" data-e-type=\"widget\" data-widget_type=\"heading.default\">\n\t\t\t\t\t<h2 class=\"elementor-heading-title elementor-size-default\">Asesor\u00edas y mentorizaciones<\/h2>\t\t\t\t<\/div>\n\t\t\t\t\t<\/div>\n\t\t\t\t<\/div>\n\t\t<div class=\"elementor-element elementor-element-54b7228 e-flex e-con-boxed e-con e-parent\" data-id=\"54b7228\" data-element_type=\"container\" data-e-type=\"container\">\n\t\t\t\t\t<div class=\"e-con-inner\">\n\t\t\t\t<div class=\"elementor-element elementor-element-81ac2ff elementor-widget elementor-widget-text-editor\" data-id=\"81ac2ff\" data-element_type=\"widget\" data-e-type=\"widget\" data-widget_type=\"text-editor.default\">\n\t\t\t\t\t\t\t\t\t<p>Puede parecer lo mismo, pero no.\u00a0<\/p><p>La <strong>asesor\u00eda editorial<\/strong> est\u00e1 pensada para aquellas escritoras (o que est\u00e1n trabajando para serlo) que necesitan consultar dudas puntuales durante una sesi\u00f3n individual de videollamada.<\/p><p>\u00bfY qu\u00e9 dudas pueden ser? Por ejemplo, relacionadas con la planificaci\u00f3n, escritura, publicaci\u00f3n, promoci\u00f3n\u2026<\/p><p>En estas asesor\u00edas se te da la informaci\u00f3n que necesitas, pero ser\u00e1s t\u00fa la encargada de ponerte manos a la obra por tu parte, sin nuestra ayuda.<\/p><p>\u00bfLo que necesitas es que estemos contigo durante el proceso? <strong>\u00a1Entonces puedes pedir una mentorizaci\u00f3n!<\/strong> Solo tienes que decirnos que necesitas, te haremos una planificaci\u00f3n de trabajo y durante x semanas trabajaremos juntas en la problem\u00e1tica que te est\u00e1 quitando el sue\u00f1o.<\/p><ul><li aria-level=\"1\">Planificar una nueva novela.<\/li><li aria-level=\"1\">Trabajar en las redes sociales.<\/li><li aria-level=\"1\">Crear la preventa de tu pr\u00f3xima publicaci\u00f3n.<\/li><li aria-level=\"1\">Crear los documentos necesarios para enviar a editoriales y agentes literarios\u2026Si necesitas m\u00e1s informaci\u00f3n o pedir presupuesto, ponte en contacto con nosotras y te contestaremos lo antes posible.<\/li><\/ul><p>Si necesitas m\u00e1s informaci\u00f3n o pedir presupuesto, ponte en contacto con nosotras y te contestaremos lo antes posible.<\/p>\t\t\t\t\t\t\t\t<\/div>\n\t\t\t\t\t<\/div>\n\t\t\t\t<\/div>\n\t\t<div class=\"elementor-element elementor-element-621cb28 e-flex e-con-boxed e-con e-parent\" data-id=\"621cb28\" data-element_type=\"container\" data-e-type=\"container\">\n\t\t\t\t\t<div class=\"e-con-inner\">\n\t\t\t\t<div class=\"elementor-element elementor-element-54d077a elementor-align-center elementor-widget elementor-widget-button\" data-id=\"54d077a\" data-element_type=\"widget\" data-e-type=\"widget\" data-widget_type=\"button.default\">\n\t\t\t\t\t\t\t\t\t\t<a class=\"elementor-button elementor-button-link elementor-size-sm\" href=\"https:\/\/tentetiesoediciones.es\/?page_id=72&#038;v=12470fe406d4\">\n\t\t\t\t\t\t<span class=\"elementor-button-content-wrapper\">\n\t\t\t\t\t\t\t\t\t<span class=\"elementor-button-text\">\u00a1Me interesa!<\/span>\n\t\t\t\t\t<\/span>\n\t\t\t\t\t<\/a>\n\t\t\t\t\t\t\t\t<\/div>\n\t\t\t\t\t<\/div>\n\t\t\t\t<\/div>\n\t\t\t\t<\/div>\n\t\t","protected":false},"excerpt":{"rendered":"<p>Asesor\u00edas y mentorizaciones Puede parecer lo mismo, pero no.\u00a0 La asesor\u00eda editorial est\u00e1 pensada para aquellas escritoras (o que est\u00e1n [&hellip;]<\/p>\n","protected":false},"author":2,"featured_media":0,"parent":0,"menu_order":0,"comment_status":"closed","ping_status":"closed","template":"","meta":{"site-sidebar-layout":"no-sidebar","site-content-layout":"","ast-site-content-layout":"full-width-container","site-content-style":"default","site-sidebar-style":"default","ast-global-header-display":"","ast-banner-title-visibility":"","ast-main-header-display":"","ast-hfb-above-header-display":"","ast-hfb-below-header-display":"","ast-hfb-mobile-header-display":"","site-post-title":"disabled","ast-breadcrumbs-content":"","ast-featured-img":"disabled","footer-sml-layout":"","ast-disable-related-posts":"","theme-transparent-header-meta":"","adv-header-id-meta":"","stick-header-meta":"","header-above-stick-meta":"","header-main-stick-meta":"","header-below-stick-meta":"","astra-migrate-meta-layouts":"default","ast-page-background-enabled":"default","ast-page-background-meta":{"desktop":{"background-color":"var(--ast-global-color-5)","background-image":"","background-repeat":"repeat","background-position":"center center","background-size":"auto","background-attachment":"scroll","background-type":"","background-media":"","overlay-type":"","overlay-color":"","overlay-opacity":"","overlay-gradient":""},"tablet":{"background-color":"","background-image":"","background-repeat":"repeat","background-position":"center center","background-size":"auto","background-attachment":"scroll","background-type":"","background-media":"","overlay-type":"","overlay-color":"","overlay-opacity":"","overlay-gradient":""},"mobile":{"background-color":"","background-image":"","background-repeat":"repeat","background-position":"center center","background-size":"auto","background-attachment":"scroll","background-type":"","background-media":"","overlay-type":"","overlay-color":"","overlay-opacity":"","overlay-gradient":""}},"ast-content-background-meta":{"desktop":{"background-color":"var(--ast-global-color-4)","background-image":"","background-repeat":"repeat","background-position":"center center","background-size":"auto","background-attachment":"scroll","background-type":"","background-media":"","overlay-type":"","overlay-color":"","overlay-opacity":"","overlay-gradient":""},"tablet":{"background-color":"var(--ast-global-color-4)","background-image":"","background-repeat":"repeat","background-position":"center center","background-size":"auto","background-attachment":"scroll","background-type":"","background-media":"","overlay-type":"","overlay-color":"","overlay-opacity":"","overlay-gradient":""},"mobile":{"background-color":"var(--ast-global-color-4)","background-image":"","background-repeat":"repeat","background-position":"center center","background-size":"auto","background-attachment":"scroll","background-type":"","background-media":"","overlay-type":"","overlay-color":"","overlay-opacity":"","overlay-gradient":""}},"footnotes":""},"class_list":["post-783","page","type-page","status-publish","hentry"],"_hostinger_reach_plugin_has_subscription_block":false,"_hostinger_reach_plugin_is_elementor":false,"_links":{"self":[{"href":"https:\/\/tentetiesoediciones.es\/index.php?rest_route=\/wp\/v2\/pages\/783","targetHints":{"allow":["GET"]}}],"collection":[{"href":"https:\/\/tentetiesoediciones.es\/index.php?rest_route=\/wp\/v2\/pages"}],"about":[{"href":"https:\/\/tentetiesoediciones.es\/index.php?rest_route=\/wp\/v2\/types\/page"}],"author":[{"embeddable":true,"href":"https:\/\/tentetiesoediciones.es\/index.php?rest_route=\/wp\/v2\/users\/2"}],"replies":[{"embeddable":true,"href":"https:\/\/tentetiesoediciones.es\/index.php?rest_route=%2Fwp%2Fv2%2Fcomments&post=783"}],"version-history":[{"count":12,"href":"https:\/\/tentetiesoediciones.es\/index.php?rest_route=\/wp\/v2\/pages\/783\/revisions"}],"predecessor-version":[{"id":930,"href":"https:\/\/tentetiesoediciones.es\/index.php?rest_route=\/wp\/v2\/pages\/783\/revisions\/930"}],"wp:attachment":[{"href":"https:\/\/tentetiesoediciones.es\/index.php?rest_route=%2Fwp%2Fv2%2Fmedia&parent=783"}],"curies":[{"name":"wp","href":"https:\/\/api.w.org\/{rel}","templated":true}]}}