{"id":179,"date":"2025-09-12T17:06:28","date_gmt":"2025-09-12T17:06:28","guid":{"rendered":"https:\/\/tentetiesoediciones.es\/?page_id=179"},"modified":"2026-05-10T16:32:58","modified_gmt":"2026-05-10T16:32:58","slug":"servicios-2","status":"publish","type":"page","link":"https:\/\/tentetiesoediciones.es\/?page_id=179","title":{"rendered":"Servicios"},"content":{"rendered":"\t\t<div data-elementor-type=\"wp-page\" data-elementor-id=\"179\" class=\"elementor elementor-179\">\n\t\t\t\t<div class=\"elementor-element elementor-element-d63dff0 e-flex e-con-boxed e-con e-parent\" data-id=\"d63dff0\" data-element_type=\"container\" data-e-type=\"container\">\n\t\t\t\t\t<div class=\"e-con-inner\">\n\t\t\t\t<div class=\"elementor-element elementor-element-ef2f8e3 elementor-widget elementor-widget-spacer\" data-id=\"ef2f8e3\" data-element_type=\"widget\" data-e-type=\"widget\" data-widget_type=\"spacer.default\">\n\t\t\t\t\t\t\t<div class=\"elementor-spacer\">\n\t\t\t<div class=\"elementor-spacer-inner\"><\/div>\n\t\t<\/div>\n\t\t\t\t\t\t<\/div>\n\t\t\t\t\t<\/div>\n\t\t\t\t<\/div>\n\t\t<div class=\"elementor-element elementor-element-913bcfb e-flex e-con-boxed e-con e-parent\" data-id=\"913bcfb\" data-element_type=\"container\" data-e-type=\"container\">\n\t\t\t\t\t<div class=\"e-con-inner\">\n\t\t\t\t<div class=\"elementor-element elementor-element-7ed86a4 elementor-widget elementor-widget-heading\" data-id=\"7ed86a4\" data-element_type=\"widget\" data-e-type=\"widget\" data-widget_type=\"heading.default\">\n\t\t\t\t\t<h2 class=\"elementor-heading-title elementor-size-default\">Servicios editoriales<\/h2>\t\t\t\t<\/div>\n\t\t\t\t\t<\/div>\n\t\t\t\t<\/div>\n\t\t<div class=\"elementor-element elementor-element-fa48853 e-flex e-con-boxed e-con e-parent\" data-id=\"fa48853\" data-element_type=\"container\" data-e-type=\"container\">\n\t\t\t\t\t<div class=\"e-con-inner\">\n\t\t\t\t<div class=\"elementor-element elementor-element-114fb35 elementor-widget elementor-widget-spacer\" data-id=\"114fb35\" data-element_type=\"widget\" data-e-type=\"widget\" data-widget_type=\"spacer.default\">\n\t\t\t\t\t\t\t<div class=\"elementor-spacer\">\n\t\t\t<div class=\"elementor-spacer-inner\"><\/div>\n\t\t<\/div>\n\t\t\t\t\t\t<\/div>\n\t\t\t\t\t<\/div>\n\t\t\t\t<\/div>\n\t\t<div class=\"elementor-element elementor-element-93f6e6d e-flex e-con-boxed e-con e-parent\" data-id=\"93f6e6d\" data-element_type=\"container\" data-e-type=\"container\">\n\t\t\t\t\t<div class=\"e-con-inner\">\n\t\t\t\t<div class=\"elementor-element elementor-element-b81cfb1 elementor-widget elementor-widget-text-editor\" data-id=\"b81cfb1\" data-element_type=\"widget\" data-e-type=\"widget\" data-widget_type=\"text-editor.default\">\n\t\t\t\t\t\t\t\t\t<p>Ser escritora profesional sigue siendo todo un reto a d\u00eda de hoy en nuestro pa\u00eds. Aunque el mundo editorial es un poco m\u00e1s abierto y amable que hace unos a\u00f1os, sigue siendo una profesi\u00f3n muy cerrada y a la que acceder. Tampoco hay mucha informaci\u00f3n y, si la hay, cuesta much\u00edsimo dinero o te la dan a cuentagotas.<\/p><p>Nosotras queremos acercar la escritura a todas y que puedas aprender poco a poco sobre el mundo editorial de forma segura y vayas labrando tu carrera como escritora profesional.<\/p><p>Por eso, te ofrecemos los siguientes servicios:<\/p>\t\t\t\t\t\t\t\t<\/div>\n\t\t\t\t\t<\/div>\n\t\t\t\t<\/div>\n\t\t<div class=\"elementor-element elementor-element-e47aaf0 e-con-full e-flex e-con e-parent\" data-id=\"e47aaf0\" data-element_type=\"container\" data-e-type=\"container\">\n\t\t<div class=\"elementor-element elementor-element-b786931 e-con-full e-flex e-con e-child\" data-id=\"b786931\" data-element_type=\"container\" data-e-type=\"container\">\n\t\t\t\t<div class=\"elementor-element elementor-element-bdd5bd3 elementor-widget__width-auto elementor-widget elementor-widget-image\" data-id=\"bdd5bd3\" data-element_type=\"widget\" data-e-type=\"widget\" data-widget_type=\"image.default\">\n\t\t\t\t\t\t\t\t\t\t\t\t\t\t\t\t<a href=\"https:\/\/tentetiesoediciones.es\/?page_id=927&#038;v=12470fe406d4\">\n\t\t\t\t\t\t\t<img fetchpriority=\"high\" decoding=\"async\" width=\"1024\" height=\"1024\" src=\"https:\/\/tentetiesoediciones.es\/wp-content\/uploads\/2026\/03\/3-1024x1024.png\" class=\"attachment-large size-large wp-image-734\" alt=\"\" srcset=\"https:\/\/tentetiesoediciones.es\/wp-content\/uploads\/2026\/03\/3-1024x1024.png 1024w, https:\/\/tentetiesoediciones.es\/wp-content\/uploads\/2026\/03\/3-300x300.png 300w, https:\/\/tentetiesoediciones.es\/wp-content\/uploads\/2026\/03\/3-150x150.png 150w, https:\/\/tentetiesoediciones.es\/wp-content\/uploads\/2026\/03\/3-768x768.png 768w, https:\/\/tentetiesoediciones.es\/wp-content\/uploads\/2026\/03\/3-200x200.png 200w, https:\/\/tentetiesoediciones.es\/wp-content\/uploads\/2026\/03\/3-100x100.png 100w, https:\/\/tentetiesoediciones.es\/wp-content\/uploads\/2026\/03\/3.png 1080w\" sizes=\"(max-width: 1024px) 100vw, 1024px\" \/>\t\t\t\t\t\t\t\t<\/a>\n\t\t\t\t\t\t\t\t\t\t\t\t\t\t\t<\/div>\n\t\t\t\t<\/div>\n\t\t<div class=\"elementor-element elementor-element-4dd4e4f e-con-full e-flex e-con e-child\" data-id=\"4dd4e4f\" data-element_type=\"container\" data-e-type=\"container\">\n\t\t\t\t<div class=\"elementor-element elementor-element-b1cda2b elementor-widget elementor-widget-image\" data-id=\"b1cda2b\" data-element_type=\"widget\" data-e-type=\"widget\" data-widget_type=\"image.default\">\n\t\t\t\t\t\t\t\t\t\t\t\t\t\t\t\t<a href=\"https:\/\/tentetiesoediciones.es\/?page_id=921&#038;v=12470fe406d4\">\n\t\t\t\t\t\t\t<img decoding=\"async\" width=\"1024\" height=\"1024\" src=\"https:\/\/tentetiesoediciones.es\/wp-content\/uploads\/2026\/03\/4_1-1024x1024.png\" class=\"attachment-large size-large wp-image-735\" alt=\"\" srcset=\"https:\/\/tentetiesoediciones.es\/wp-content\/uploads\/2026\/03\/4_1-1024x1024.png 1024w, https:\/\/tentetiesoediciones.es\/wp-content\/uploads\/2026\/03\/4_1-300x300.png 300w, https:\/\/tentetiesoediciones.es\/wp-content\/uploads\/2026\/03\/4_1-150x150.png 150w, https:\/\/tentetiesoediciones.es\/wp-content\/uploads\/2026\/03\/4_1-768x768.png 768w, https:\/\/tentetiesoediciones.es\/wp-content\/uploads\/2026\/03\/4_1-200x200.png 200w, https:\/\/tentetiesoediciones.es\/wp-content\/uploads\/2026\/03\/4_1-100x100.png 100w, https:\/\/tentetiesoediciones.es\/wp-content\/uploads\/2026\/03\/4_1.png 1080w\" sizes=\"(max-width: 1024px) 100vw, 1024px\" \/>\t\t\t\t\t\t\t\t<\/a>\n\t\t\t\t\t\t\t\t\t\t\t\t\t\t\t<\/div>\n\t\t\t\t<\/div>\n\t\t<div class=\"elementor-element elementor-element-30f4764 e-con-full e-flex e-con e-child\" data-id=\"30f4764\" data-element_type=\"container\" data-e-type=\"container\">\n\t\t\t\t<div class=\"elementor-element elementor-element-08acf0e elementor-widget elementor-widget-image\" data-id=\"08acf0e\" data-element_type=\"widget\" data-e-type=\"widget\" data-widget_type=\"image.default\">\n\t\t\t\t\t\t\t\t\t\t\t\t\t\t\t\t<a href=\"https:\/\/tentetiesoediciones.es\/?page_id=783&#038;v=12470fe406d4\">\n\t\t\t\t\t\t\t<img decoding=\"async\" width=\"1024\" height=\"1024\" src=\"https:\/\/tentetiesoediciones.es\/wp-content\/uploads\/2026\/03\/6_1-1024x1024.png\" class=\"attachment-large size-large wp-image-737\" alt=\"\" srcset=\"https:\/\/tentetiesoediciones.es\/wp-content\/uploads\/2026\/03\/6_1-1024x1024.png 1024w, https:\/\/tentetiesoediciones.es\/wp-content\/uploads\/2026\/03\/6_1-300x300.png 300w, https:\/\/tentetiesoediciones.es\/wp-content\/uploads\/2026\/03\/6_1-150x150.png 150w, https:\/\/tentetiesoediciones.es\/wp-content\/uploads\/2026\/03\/6_1-768x768.png 768w, https:\/\/tentetiesoediciones.es\/wp-content\/uploads\/2026\/03\/6_1-200x200.png 200w, https:\/\/tentetiesoediciones.es\/wp-content\/uploads\/2026\/03\/6_1-100x100.png 100w, https:\/\/tentetiesoediciones.es\/wp-content\/uploads\/2026\/03\/6_1.png 1080w\" sizes=\"(max-width: 1024px) 100vw, 1024px\" \/>\t\t\t\t\t\t\t\t<\/a>\n\t\t\t\t\t\t\t\t\t\t\t\t\t\t\t<\/div>\n\t\t\t\t<\/div>\n\t\t<div class=\"elementor-element elementor-element-6505932 e-con-full e-flex e-con e-child\" data-id=\"6505932\" data-element_type=\"container\" data-e-type=\"container\">\n\t\t\t\t<div class=\"elementor-element elementor-element-9db6553 elementor-widget elementor-widget-image\" data-id=\"9db6553\" data-element_type=\"widget\" data-e-type=\"widget\" data-widget_type=\"image.default\">\n\t\t\t\t\t\t\t\t\t\t\t\t\t\t\t\t<a href=\"https:\/\/tentetiesoediciones.es\/?page_id=936&#038;v=12470fe406d4\">\n\t\t\t\t\t\t\t<img loading=\"lazy\" decoding=\"async\" width=\"1024\" height=\"1024\" src=\"https:\/\/tentetiesoediciones.es\/wp-content\/uploads\/2026\/03\/5_1-1024x1024.png\" class=\"attachment-large size-large wp-image-736\" alt=\"\" srcset=\"https:\/\/tentetiesoediciones.es\/wp-content\/uploads\/2026\/03\/5_1-1024x1024.png 1024w, https:\/\/tentetiesoediciones.es\/wp-content\/uploads\/2026\/03\/5_1-300x300.png 300w, https:\/\/tentetiesoediciones.es\/wp-content\/uploads\/2026\/03\/5_1-150x150.png 150w, https:\/\/tentetiesoediciones.es\/wp-content\/uploads\/2026\/03\/5_1-768x768.png 768w, https:\/\/tentetiesoediciones.es\/wp-content\/uploads\/2026\/03\/5_1-200x200.png 200w, https:\/\/tentetiesoediciones.es\/wp-content\/uploads\/2026\/03\/5_1-100x100.png 100w, https:\/\/tentetiesoediciones.es\/wp-content\/uploads\/2026\/03\/5_1.png 1080w\" sizes=\"(max-width: 1024px) 100vw, 1024px\" \/>\t\t\t\t\t\t\t\t<\/a>\n\t\t\t\t\t\t\t\t\t\t\t\t\t\t\t<\/div>\n\t\t\t\t<\/div>\n\t\t\t\t<\/div>\n\t\t<div class=\"elementor-element elementor-element-a825198 e-flex e-con-boxed e-con e-parent\" data-id=\"a825198\" data-element_type=\"container\" data-e-type=\"container\">\n\t\t\t\t\t<div class=\"e-con-inner\">\n\t\t\t\t<div class=\"elementor-element elementor-element-0d702f2 elementor-widget elementor-widget-text-editor\" data-id=\"0d702f2\" data-element_type=\"widget\" data-e-type=\"widget\" data-widget_type=\"text-editor.default\">\n\t\t\t\t\t\t\t\t\t<p>Todo esto lo haremos para ayudarte, sin medias tintas, y dici\u00e9ndote la verdad en todo momento. Queremos que mejores, no que vayas hac\u00eda atr\u00e1s.<\/p>\t\t\t\t\t\t\t\t<\/div>\n\t\t\t\t\t<\/div>\n\t\t\t\t<\/div>\n\t\t\t\t<\/div>\n\t\t","protected":false},"excerpt":{"rendered":"<p>Servicios editoriales Ser escritora profesional sigue siendo todo un reto a d\u00eda de hoy en nuestro pa\u00eds. Aunque el mundo [&hellip;]<\/p>\n","protected":false},"author":1,"featured_media":0,"parent":0,"menu_order":0,"comment_status":"closed","ping_status":"closed","template":"","meta":{"site-sidebar-layout":"default","site-content-layout":"","ast-site-content-layout":"default","site-content-style":"default","site-sidebar-style":"default","ast-global-header-display":"","ast-banner-title-visibility":"","ast-main-header-display":"","ast-hfb-above-header-display":"","ast-hfb-below-header-display":"","ast-hfb-mobile-header-display":"","site-post-title":"disabled","ast-breadcrumbs-content":"","ast-featured-img":"","footer-sml-layout":"","ast-disable-related-posts":"","theme-transparent-header-meta":"","adv-header-id-meta":"","stick-header-meta":"","header-above-stick-meta":"","header-main-stick-meta":"","header-below-stick-meta":"","astra-migrate-meta-layouts":"default","ast-page-background-enabled":"default","ast-page-background-meta":{"desktop":{"background-color":"var(--ast-global-color-5)","background-image":"","background-repeat":"repeat","background-position":"center center","background-size":"auto","background-attachment":"scroll","background-type":"","background-media":"","overlay-type":"","overlay-color":"","overlay-opacity":"","overlay-gradient":""},"tablet":{"background-color":"","background-image":"","background-repeat":"repeat","background-position":"center center","background-size":"auto","background-attachment":"scroll","background-type":"","background-media":"","overlay-type":"","overlay-color":"","overlay-opacity":"","overlay-gradient":""},"mobile":{"background-color":"","background-image":"","background-repeat":"repeat","background-position":"center center","background-size":"auto","background-attachment":"scroll","background-type":"","background-media":"","overlay-type":"","overlay-color":"","overlay-opacity":"","overlay-gradient":""}},"ast-content-background-meta":{"desktop":{"background-color":"var(--ast-global-color-4)","background-image":"","background-repeat":"repeat","background-position":"center center","background-size":"auto","background-attachment":"scroll","background-type":"","background-media":"","overlay-type":"","overlay-color":"","overlay-opacity":"","overlay-gradient":""},"tablet":{"background-color":"var(--ast-global-color-4)","background-image":"","background-repeat":"repeat","background-position":"center center","background-size":"auto","background-attachment":"scroll","background-type":"","background-media":"","overlay-type":"","overlay-color":"","overlay-opacity":"","overlay-gradient":""},"mobile":{"background-color":"var(--ast-global-color-4)","background-image":"","background-repeat":"repeat","background-position":"center center","background-size":"auto","background-attachment":"scroll","background-type":"","background-media":"","overlay-type":"","overlay-color":"","overlay-opacity":"","overlay-gradient":""}},"footnotes":""},"class_list":["post-179","page","type-page","status-publish","hentry"],"_hostinger_reach_plugin_has_subscription_block":false,"_hostinger_reach_plugin_is_elementor":false,"_links":{"self":[{"href":"https:\/\/tentetiesoediciones.es\/index.php?rest_route=\/wp\/v2\/pages\/179","targetHints":{"allow":["GET"]}}],"collection":[{"href":"https:\/\/tentetiesoediciones.es\/index.php?rest_route=\/wp\/v2\/pages"}],"about":[{"href":"https:\/\/tentetiesoediciones.es\/index.php?rest_route=\/wp\/v2\/types\/page"}],"author":[{"embeddable":true,"href":"https:\/\/tentetiesoediciones.es\/index.php?rest_route=\/wp\/v2\/users\/1"}],"replies":[{"embeddable":true,"href":"https:\/\/tentetiesoediciones.es\/index.php?rest_route=%2Fwp%2Fv2%2Fcomments&post=179"}],"version-history":[{"count":58,"href":"https:\/\/tentetiesoediciones.es\/index.php?rest_route=\/wp\/v2\/pages\/179\/revisions"}],"predecessor-version":[{"id":946,"href":"https:\/\/tentetiesoediciones.es\/index.php?rest_route=\/wp\/v2\/pages\/179\/revisions\/946"}],"wp:attachment":[{"href":"https:\/\/tentetiesoediciones.es\/index.php?rest_route=%2Fwp%2Fv2%2Fmedia&parent=179"}],"curies":[{"name":"wp","href":"https:\/\/api.w.org\/{rel}","templated":true}]}}