{"id":100,"date":"2025-09-12T16:21:40","date_gmt":"2025-09-12T16:21:40","guid":{"rendered":"https:\/\/tentetiesoediciones.es\/features\/"},"modified":"2026-03-19T17:05:19","modified_gmt":"2026-03-19T17:05:19","slug":"features","status":"publish","type":"page","link":"https:\/\/tentetiesoediciones.es\/?page_id=100","title":{"rendered":"Libros"},"content":{"rendered":"\t\t<div data-elementor-type=\"wp-page\" data-elementor-id=\"100\" class=\"elementor elementor-100\">\n\t\t\t\t<div class=\"elementor-element elementor-element-0259c4e e-flex e-con-boxed e-con e-parent\" data-id=\"0259c4e\" data-element_type=\"container\" data-e-type=\"container\">\n\t\t\t\t\t<div class=\"e-con-inner\">\n\t\t<div class=\"elementor-element elementor-element-8c0d6cf e-con-full e-flex e-con e-child\" data-id=\"8c0d6cf\" data-element_type=\"container\" data-e-type=\"container\">\n\t\t\t\t<div class=\"elementor-element elementor-element-e481ca3 elementor-widget elementor-widget-image\" data-id=\"e481ca3\" data-element_type=\"widget\" data-e-type=\"widget\" data-widget_type=\"image.default\">\n\t\t\t\t\t\t\t\t\t\t\t\t\t\t\t<img fetchpriority=\"high\" decoding=\"async\" width=\"819\" height=\"1024\" src=\"https:\/\/tentetiesoediciones.es\/wp-content\/uploads\/2026\/02\/Tentetieso-20262-819x1024.png\" class=\"attachment-large size-large wp-image-650\" alt=\"\" srcset=\"https:\/\/tentetiesoediciones.es\/wp-content\/uploads\/2026\/02\/Tentetieso-20262-819x1024.png 819w, https:\/\/tentetiesoediciones.es\/wp-content\/uploads\/2026\/02\/Tentetieso-20262-300x375.png 300w, https:\/\/tentetiesoediciones.es\/wp-content\/uploads\/2026\/02\/Tentetieso-20262-240x300.png 240w, https:\/\/tentetiesoediciones.es\/wp-content\/uploads\/2026\/02\/Tentetieso-20262-768x960.png 768w, https:\/\/tentetiesoediciones.es\/wp-content\/uploads\/2026\/02\/Tentetieso-20262.png 1080w\" sizes=\"(max-width: 819px) 100vw, 819px\" \/>\t\t\t\t\t\t\t\t\t\t\t\t\t\t\t<\/div>\n\t\t\t\t<\/div>\n\t\t<div class=\"elementor-element elementor-element-002ce4a e-con-full e-flex e-con e-child\" data-id=\"002ce4a\" data-element_type=\"container\" data-e-type=\"container\">\n\t\t<div class=\"elementor-element elementor-element-f3c4b01 e-con-full e-flex e-con e-child\" data-id=\"f3c4b01\" data-element_type=\"container\" data-e-type=\"container\">\n\t\t\t\t<div class=\"elementor-element elementor-element-75c9861 elementor-widget elementor-widget-text-editor\" data-id=\"75c9861\" data-element_type=\"widget\" data-e-type=\"widget\" data-widget_type=\"text-editor.default\">\n\t\t\t\t\t\t\t\t\t<p>\u00a0<\/p><div class=\"a-expander-content a-expander-partial-collapse-content\" data-expanded=\"false\"><p>\u00a0<\/p><p>Salvar la ciudad de un ataque catastr\u00f3fico es dif\u00edcil. Sobrevivir a las reuniones de profesores de la Academia de H\u00e9roes (ADH) con tu ex, es casi imposible.<\/p><p>Aurore Yoshida y Jacob Edevane sol\u00edan ser el equipo perfecto: compa\u00f1eros de batalla, mejores amigos y, quiz\u00e1s, algo m\u00e1s. Pero todo se fue al garete cuando Jacob la traicion\u00f3 \u2014seg\u00fan Aurore\u2014 o cuando Aurore decidi\u00f3 alejarse \u2014seg\u00fan Jacob\u2014. Ahora, \u00e9l es el h\u00e9roe n\u00famero uno, ella ha perdido toda fe en s\u00ed misma y, para empeorar las cosas, tendr\u00e1n que dar clase a una panda de adolescentes con poderes.<\/p><p>Con una nueva amenaza cerni\u00e9ndose sobre la ciudad, Aurore y Jacob deber\u00e1n unir fuerzas una vez m\u00e1s. Aunque Aurore preferir\u00eda enfrentarse a un ej\u00e9rcito de robots asesinos antes que darle la raz\u00f3n a Jacob.<\/p><p>Entre misiones ca\u00f3ticas, clases descontroladas y sentimientos que se niegan a morir, tendr\u00e1n que descubrir si pueden salvar la ciudad sin matarse entre ellos en el intento\u2026 o si, con un poco de suerte, pueden recuperar algo de lo que fueron.<\/p><\/div>\t\t\t\t\t\t\t\t<\/div>\n\t\t\t\t<\/div>\n\t\t<div class=\"elementor-element elementor-element-c90ed68 e-con-full e-flex e-con e-child\" data-id=\"c90ed68\" data-element_type=\"container\" data-e-type=\"container\">\n\t\t\t\t<div class=\"elementor-element elementor-element-27d2768 elementor-align-center elementor-widget elementor-widget-button\" data-id=\"27d2768\" data-element_type=\"widget\" data-e-type=\"widget\" data-widget_type=\"button.default\">\n\t\t\t\t\t\t\t\t\t\t<a class=\"elementor-button elementor-button-link elementor-size-sm\" href=\"https:\/\/tentetiesoediciones.es\/?product=manual-para-salvar-el-mundo-y-reconquistar-a-tu-ex\">\n\t\t\t\t\t\t<span class=\"elementor-button-content-wrapper\">\n\t\t\t\t\t\t\t\t\t<span class=\"elementor-button-text\">\u00a1Lo quiero!<\/span>\n\t\t\t\t\t<\/span>\n\t\t\t\t\t<\/a>\n\t\t\t\t\t\t\t\t<\/div>\n\t\t\t\t<\/div>\n\t\t\t\t<\/div>\n\t\t\t\t\t<\/div>\n\t\t\t\t<\/div>\n\t\t<div class=\"elementor-element elementor-element-b118224 e-flex e-con-boxed e-con e-parent\" data-id=\"b118224\" data-element_type=\"container\" data-e-type=\"container\">\n\t\t\t\t\t<div class=\"e-con-inner\">\n\t\t<div class=\"elementor-element elementor-element-649985d e-con-full e-flex e-con e-child\" data-id=\"649985d\" data-element_type=\"container\" data-e-type=\"container\">\n\t\t\t\t<div class=\"elementor-element elementor-element-5d9a3fb elementor-widget elementor-widget-image\" data-id=\"5d9a3fb\" data-element_type=\"widget\" data-e-type=\"widget\" data-widget_type=\"image.default\">\n\t\t\t\t\t\t\t\t\t\t\t\t\t\t\t<img decoding=\"async\" width=\"819\" height=\"1024\" src=\"https:\/\/tentetiesoediciones.es\/wp-content\/uploads\/2026\/02\/Tentetieso-20263-819x1024.png\" class=\"attachment-large size-large wp-image-649\" alt=\"\" srcset=\"https:\/\/tentetiesoediciones.es\/wp-content\/uploads\/2026\/02\/Tentetieso-20263-819x1024.png 819w, https:\/\/tentetiesoediciones.es\/wp-content\/uploads\/2026\/02\/Tentetieso-20263-300x375.png 300w, https:\/\/tentetiesoediciones.es\/wp-content\/uploads\/2026\/02\/Tentetieso-20263-240x300.png 240w, https:\/\/tentetiesoediciones.es\/wp-content\/uploads\/2026\/02\/Tentetieso-20263-768x960.png 768w, https:\/\/tentetiesoediciones.es\/wp-content\/uploads\/2026\/02\/Tentetieso-20263.png 1080w\" sizes=\"(max-width: 819px) 100vw, 819px\" \/>\t\t\t\t\t\t\t\t\t\t\t\t\t\t\t<\/div>\n\t\t\t\t<\/div>\n\t\t<div class=\"elementor-element elementor-element-099f311 e-con-full e-flex e-con e-child\" data-id=\"099f311\" data-element_type=\"container\" data-e-type=\"container\">\n\t\t<div class=\"elementor-element elementor-element-c1ec6fe e-con-full e-flex e-con e-child\" data-id=\"c1ec6fe\" data-element_type=\"container\" data-e-type=\"container\">\n\t\t\t\t<div class=\"elementor-element elementor-element-2ef0661 elementor-widget elementor-widget-text-editor\" data-id=\"2ef0661\" data-element_type=\"widget\" data-e-type=\"widget\" data-widget_type=\"text-editor.default\">\n\t\t\t\t\t\t\t\t\t<p>\u00a0<\/p><p>\u00a0<\/p><p>\u00a0<\/p><p>Cada mundo es una historia. Cada historia es un mundo.<\/p><p>Personajes entra\u00f1ables, tiernos, divertidos y locos que acabar\u00e1n teniendo un hueco en vuestros corazones.<br \/>Todos, diferentes y \u00fanicos, te llevar\u00e1n de la mano para que conozcas sus historias.<\/p><p>En esta antolog\u00eda encontrar\u00e1s amor, comedia, aventuras \u00e9picas y mucha, mucha magia. Y lo m\u00e1s importante; diferentes estilos para conocer a distintas escritoras maravillosas.<\/p><p><span class=\"a-text-bold a-text-italic\">\u00bfTe atreves a mirar por el caleidoscopio?<\/span><\/p>\t\t\t\t\t\t\t\t<\/div>\n\t\t\t\t<\/div>\n\t\t<div class=\"elementor-element elementor-element-75c99d9 e-con-full e-flex e-con e-child\" data-id=\"75c99d9\" data-element_type=\"container\" data-e-type=\"container\">\n\t\t\t\t<div class=\"elementor-element elementor-element-0c3d0d3 elementor-align-center elementor-widget elementor-widget-button\" data-id=\"0c3d0d3\" data-element_type=\"widget\" data-e-type=\"widget\" data-widget_type=\"button.default\">\n\t\t\t\t\t\t\t\t\t\t<a class=\"elementor-button elementor-button-link elementor-size-sm\" href=\"https:\/\/www.amazon.es\/Caleidoscopio-Una-antolog%C3%ADa-llena-magia-ebook\/dp\/B0CZVR2DRY?crid=143I4KTYN96IT&#038;dib=eyJ2IjoiMSJ9.S3tK_5Jfpyc1TOR18ZdY4nNvCSDKtLa-V_UPu71rgJSbj8F5_DcbuS-1j1nNGwqz.H0VzuCyT_KIsrIuUvgYs4n2hsf91pcFMHMghGlrnlhk&#038;dib_tag=se&#038;keywords=tentetieso+ediciones&#038;qid=1772131107&#038;sprefix=%2Caps%2C319&#038;sr=8-3\">\n\t\t\t\t\t\t<span class=\"elementor-button-content-wrapper\">\n\t\t\t\t\t\t\t\t\t<span class=\"elementor-button-text\">\u00a1Lo quiero!<\/span>\n\t\t\t\t\t<\/span>\n\t\t\t\t\t<\/a>\n\t\t\t\t\t\t\t\t<\/div>\n\t\t\t\t<\/div>\n\t\t\t\t<\/div>\n\t\t\t\t\t<\/div>\n\t\t\t\t<\/div>\n\t\t\t\t<\/div>\n\t\t","protected":false},"excerpt":{"rendered":"<p>\u00a0 \u00a0 Salvar la ciudad de un ataque catastr\u00f3fico es dif\u00edcil. Sobrevivir a las reuniones de profesores de la Academia [&hellip;]<\/p>\n","protected":false},"author":1,"featured_media":0,"parent":0,"menu_order":0,"comment_status":"closed","ping_status":"closed","template":"elementor_header_footer","meta":{"site-sidebar-layout":"default","site-content-layout":"","ast-site-content-layout":"default","site-content-style":"default","site-sidebar-style":"default","ast-global-header-display":"","ast-banner-title-visibility":"","ast-main-header-display":"","ast-hfb-above-header-display":"","ast-hfb-below-header-display":"","ast-hfb-mobile-header-display":"","site-post-title":"","ast-breadcrumbs-content":"","ast-featured-img":"","footer-sml-layout":"","ast-disable-related-posts":"","theme-transparent-header-meta":"","adv-header-id-meta":"","stick-header-meta":"","header-above-stick-meta":"","header-main-stick-meta":"","header-below-stick-meta":"","astra-migrate-meta-layouts":"default","ast-page-background-enabled":"default","ast-page-background-meta":{"desktop":{"background-color":"var(--ast-global-color-5)","background-image":"","background-repeat":"repeat","background-position":"center center","background-size":"auto","background-attachment":"scroll","background-type":"","background-media":"","overlay-type":"","overlay-color":"","overlay-opacity":"","overlay-gradient":""},"tablet":{"background-color":"","background-image":"","background-repeat":"repeat","background-position":"center center","background-size":"auto","background-attachment":"scroll","background-type":"","background-media":"","overlay-type":"","overlay-color":"","overlay-opacity":"","overlay-gradient":""},"mobile":{"background-color":"","background-image":"","background-repeat":"repeat","background-position":"center center","background-size":"auto","background-attachment":"scroll","background-type":"","background-media":"","overlay-type":"","overlay-color":"","overlay-opacity":"","overlay-gradient":""}},"ast-content-background-meta":{"desktop":{"background-color":"var(--ast-global-color-4)","background-image":"","background-repeat":"repeat","background-position":"center center","background-size":"auto","background-attachment":"scroll","background-type":"","background-media":"","overlay-type":"","overlay-color":"","overlay-opacity":"","overlay-gradient":""},"tablet":{"background-color":"var(--ast-global-color-4)","background-image":"","background-repeat":"repeat","background-position":"center center","background-size":"auto","background-attachment":"scroll","background-type":"","background-media":"","overlay-type":"","overlay-color":"","overlay-opacity":"","overlay-gradient":""},"mobile":{"background-color":"var(--ast-global-color-4)","background-image":"","background-repeat":"repeat","background-position":"center center","background-size":"auto","background-attachment":"scroll","background-type":"","background-media":"","overlay-type":"","overlay-color":"","overlay-opacity":"","overlay-gradient":""}},"footnotes":""},"class_list":["post-100","page","type-page","status-publish","hentry"],"_hostinger_reach_plugin_has_subscription_block":false,"_hostinger_reach_plugin_is_elementor":false,"_links":{"self":[{"href":"https:\/\/tentetiesoediciones.es\/index.php?rest_route=\/wp\/v2\/pages\/100","targetHints":{"allow":["GET"]}}],"collection":[{"href":"https:\/\/tentetiesoediciones.es\/index.php?rest_route=\/wp\/v2\/pages"}],"about":[{"href":"https:\/\/tentetiesoediciones.es\/index.php?rest_route=\/wp\/v2\/types\/page"}],"author":[{"embeddable":true,"href":"https:\/\/tentetiesoediciones.es\/index.php?rest_route=\/wp\/v2\/users\/1"}],"replies":[{"embeddable":true,"href":"https:\/\/tentetiesoediciones.es\/index.php?rest_route=%2Fwp%2Fv2%2Fcomments&post=100"}],"version-history":[{"count":45,"href":"https:\/\/tentetiesoediciones.es\/index.php?rest_route=\/wp\/v2\/pages\/100\/revisions"}],"predecessor-version":[{"id":711,"href":"https:\/\/tentetiesoediciones.es\/index.php?rest_route=\/wp\/v2\/pages\/100\/revisions\/711"}],"wp:attachment":[{"href":"https:\/\/tentetiesoediciones.es\/index.php?rest_route=%2Fwp%2Fv2%2Fmedia&parent=100"}],"curies":[{"name":"wp","href":"https:\/\/api.w.org\/{rel}","templated":true}]}}